{"id":1273,"date":"2023-09-14T10:16:34","date_gmt":"2023-09-14T08:16:34","guid":{"rendered":"https:\/\/www.binoval.com\/BINOVAL\/?post_type=product&#038;p=1273"},"modified":"2023-09-14T10:37:13","modified_gmt":"2023-09-14T08:37:13","slug":"condenseur-a-air","status":"publish","type":"product","link":"https:\/\/www.binoval.com\/BINOVAL\/produit\/condenseur-a-air\/","title":{"rendered":"Condenseur \u00e0 air"},"content":{"rendered":"<div>D\u00e9signation\u00a0 : condenseur \u00e0 air<\/div>\n<p>-Fabricant : PROFROID<br \/>\n-Type : cond al 91 4msc 6ph sv<br \/>\n-Num\u00e9ro de s\u00e9rie : 178596\/120\/242496<br \/>\n-Nombre de ventilateurs : 04-<br \/>\n-Diam\u00e8tre de ventilateurs : 900 mm<br \/>\n-Puissance :316 kw<br \/>\n-D\u00e9bit d&#8217;air : 86460 m3\/heure<br \/>\n-Ann\u00e9e de fabrication : 2015<br \/>\n-Fluide : R404A<br \/>\n-Tension d&#8217;alimentation : 400v\/3\/50hz<br \/>\n-Condition: neuf<br \/>\n-Heures de fonctionnement : 0h<br \/>\n-Localisation : TUNISIE<\/p>\n","protected":false},"excerpt":{"rendered":"<p>Nous mettons en vente un condenseur \u00e0 air d&#8217;occasion de haute qualit\u00e9. Cet \u00e9quipement a \u00e9t\u00e9 soigneusement entretenu et est pr\u00eat \u00e0 jouer un r\u00f4le essentiel dans vos syst\u00e8mes de climatisation, de r\u00e9frig\u00e9ration ou d&#8217;autres applications n\u00e9cessitant un refroidissement efficace. Gr\u00e2ce \u00e0 sa conception robuste et \u00e0 sa capacit\u00e9 \u00e0 dissiper la chaleur de mani\u00e8re efficace, notre condenseur \u00e0 air d&#8217;occasion offre une solution fiable pour maintenir des temp\u00e9ratures appropri\u00e9es. Ne laissez pas passer cette opportunit\u00e9 d&#8217;acqu\u00e9rir un composant essentiel pour vos besoins de refroidissement \u00e0 un co\u00fbt avantageux. Pour de plus amples informations et pour discuter des d\u00e9tails de cette offre, n&#8217;h\u00e9sitez pas \u00e0 nous contacter d\u00e8s aujourd&#8217;hui.<\/p>\n","protected":false},"featured_media":1275,"comment_status":"open","ping_status":"closed","template":"","meta":{"site-sidebar-layout":"default","site-content-layout":"default","ast-global-header-display":"","ast-main-header-display":"","ast-hfb-above-header-display":"disabled","ast-hfb-below-header-display":"","ast-hfb-mobile-header-display":"","site-post-title":"","ast-breadcrumbs-content":"","ast-featured-img":"","footer-sml-layout":"","theme-transparent-header-meta":"default","adv-header-id-meta":"","stick-header-meta":"","header-above-stick-meta":"","header-main-stick-meta":"","header-below-stick-meta":""},"product_cat":[27],"product_tag":[],"class_list":["post-1273","product","type-product","status-publish","has-post-thumbnail","hentry","product_cat-occasion","desktop-align-left","tablet-align-left","mobile-align-left"],"_links":{"self":[{"href":"https:\/\/www.binoval.com\/BINOVAL\/wp-json\/wp\/v2\/product\/1273","targetHints":{"allow":["GET"]}}],"collection":[{"href":"https:\/\/www.binoval.com\/BINOVAL\/wp-json\/wp\/v2\/product"}],"about":[{"href":"https:\/\/www.binoval.com\/BINOVAL\/wp-json\/wp\/v2\/types\/product"}],"replies":[{"embeddable":true,"href":"https:\/\/www.binoval.com\/BINOVAL\/wp-json\/wp\/v2\/comments?post=1273"}],"wp:featuredmedia":[{"embeddable":true,"href":"https:\/\/www.binoval.com\/BINOVAL\/wp-json\/wp\/v2\/media\/1275"}],"wp:attachment":[{"href":"https:\/\/www.binoval.com\/BINOVAL\/wp-json\/wp\/v2\/media?parent=1273"}],"wp:term":[{"taxonomy":"product_cat","embeddable":true,"href":"https:\/\/www.binoval.com\/BINOVAL\/wp-json\/wp\/v2\/product_cat?post=1273"},{"taxonomy":"product_tag","embeddable":true,"href":"https:\/\/www.binoval.com\/BINOVAL\/wp-json\/wp\/v2\/product_tag?post=1273"}],"curies":[{"name":"wp","href":"https:\/\/api.w.org\/{rel}","templated":true}]}}